{"id":12,"date":"2017-03-21T04:07:02","date_gmt":"2017-03-21T04:07:02","guid":{"rendered":"http:\/\/guardastelescopicas.smartroom.mx\/wordpress\/?page_id=12"},"modified":"2017-08-24T17:57:06","modified_gmt":"2017-08-24T22:57:06","slug":"historia","status":"publish","type":"page","link":"https:\/\/guardastelescopicas.com\/wordpress\/historia\/","title":{"rendered":"Historia"},"content":{"rendered":"<div class=\"fusion-fullwidth fullwidth-box fusion-builder-row-1 nonhundred-percent-fullwidth non-hundred-percent-height-scrolling\" style=\"--awb-border-radius-top-left:0px;--awb-border-radius-top-right:0px;--awb-border-radius-bottom-right:0px;--awb-border-radius-bottom-left:0px;--awb-flex-wrap:wrap;\" ><div class=\"fusion-builder-row fusion-row\"><div class=\"fusion-layout-column fusion_builder_column fusion-builder-column-0 fusion_builder_column_1_1 1_1 fusion-one-full fusion-column-first fusion-column-last\" style=\"--awb-bg-size:cover;\"><div class=\"fusion-column-wrapper fusion-flex-column-wrapper-legacy\"><div class=\"fusion-title title fusion-title-1 fusion-sep-none fusion-title-text fusion-title-size-two\"><h2 class=\"fusion-title-heading title-heading-left\" style=\"margin:0;\">HISTORIA<\/h2><\/div><div class=\"fusion-sep-clear\"><\/div><div class=\"fusion-separator fusion-full-width-sep\" style=\"margin-left: auto;margin-right: auto;margin-bottom:20px;width:100%;\"><div class=\"fusion-separator-border sep-single sep-solid\" style=\"--awb-height:20px;--awb-amount:20px;--awb-sep-color:#0073ae;border-color:#0073ae;border-top-width:1px;\"><\/div><\/div><div class=\"fusion-sep-clear\"><\/div><div class=\"fusion-clearfix\"><\/div><\/div><\/div><div class=\"fusion-layout-column fusion_builder_column fusion-builder-column-1 fusion_builder_column_1_3 1_3 fusion-one-third fusion-column-first\" style=\"--awb-bg-size:cover;width:33.333333333333%;width:calc(33.333333333333% - ( ( 4% ) * 0.33333333333333 ) );margin-right: 4%;\"><div class=\"fusion-column-wrapper fusion-flex-column-wrapper-legacy\"><div class=\"fusion-image-element in-legacy-container\" style=\"--awb-caption-title-font-family:var(--h2_typography-font-family);--awb-caption-title-font-weight:var(--h2_typography-font-weight);--awb-caption-title-font-style:var(--h2_typography-font-style);--awb-caption-title-size:var(--h2_typography-font-size);--awb-caption-title-transform:var(--h2_typography-text-transform);--awb-caption-title-line-height:var(--h2_typography-line-height);--awb-caption-title-letter-spacing:var(--h2_typography-letter-spacing);\"><span class=\" fusion-imageframe imageframe-dropshadow imageframe-1 hover-type-none\" style=\"border:7px solid #ffffff;-webkit-box-shadow: 3px 3px 7px rgba(73,73,73,0.3);box-shadow: 3px 3px 7px rgba(73,73,73,0.3);\"><img alt=\"\" alt=\"\" decoding=\"async\" width=\"300\" height=\"223\" title=\"Guardas-Telescopicas-2001\" src=\"https:\/\/guardastelescopicas.com\/wordpress\/wordpress\/wp-content\/uploads\/2017\/03\/Guardas-Telescopicas-2001.jpg\" data-orig-src=\"http:\/\/guardastelescopicas.com.mx\/wordpress\/wp-content\/uploads\/2017\/03\/Guardas-Telescopicas-2001-300x223.jpg\" alt class=\"lazyload img-responsive wp-image-153\" srcset=\"data:image\/svg+xml,%3Csvg%20xmlns%3D%27http%3A%2F%2Fwww.w3.org%2F2000%2Fsvg%27%20width%3D%27333%27%20height%3D%27248%27%20viewBox%3D%270%200%20333%20248%27%3E%3Crect%20width%3D%27333%27%20height%3D%27248%27%20fill-opacity%3D%220%22%2F%3E%3C%2Fsvg%3E\" data-srcset=\"https:\/\/guardastelescopicas.com\/wordpress\/wordpress\/wp-content\/uploads\/2017\/03\/Guardas-Telescopicas-2001-200x149.jpg 200w, https:\/\/guardastelescopicas.com\/wordpress\/wordpress\/wp-content\/uploads\/2017\/03\/Guardas-Telescopicas-2001.jpg 333w\" data-sizes=\"auto\" data-orig-sizes=\"(max-width: 800px) 100vw, 300px\" \/><\/span><\/div><div class=\"fusion-sep-clear\"><\/div><div class=\"fusion-separator fusion-full-width-sep\" style=\"margin-left: auto;margin-right: auto;margin-top:30px;width:100%;\"><\/div><div class=\"fusion-sep-clear\"><\/div><div class=\"fusion-image-element in-legacy-container\" style=\"--awb-caption-title-font-family:var(--h2_typography-font-family);--awb-caption-title-font-weight:var(--h2_typography-font-weight);--awb-caption-title-font-style:var(--h2_typography-font-style);--awb-caption-title-size:var(--h2_typography-font-size);--awb-caption-title-transform:var(--h2_typography-text-transform);--awb-caption-title-line-height:var(--h2_typography-line-height);--awb-caption-title-letter-spacing:var(--h2_typography-letter-spacing);\"><span class=\" fusion-imageframe imageframe-dropshadow imageframe-2 hover-type-none\" style=\"border:7px solid #ffffff;-webkit-box-shadow: 3px 3px 7px rgba(73,73,73,0.3);box-shadow: 3px 3px 7px rgba(73,73,73,0.3);\"><img alt=\"\" alt=\"\" decoding=\"async\" width=\"267\" height=\"300\" title=\"Guardas-Telescopicas-1997\" src=\"https:\/\/guardastelescopicas.com\/wordpress\/wordpress\/wp-content\/uploads\/2017\/06\/Guardas-Telescopicas-1997.jpg\" data-orig-src=\"http:\/\/guardastelescopicas.com.mx\/wordpress\/wp-content\/uploads\/2017\/06\/Guardas-Telescopicas-1997-267x300.jpg\" alt class=\"lazyload img-responsive wp-image-162\" srcset=\"data:image\/svg+xml,%3Csvg%20xmlns%3D%27http%3A%2F%2Fwww.w3.org%2F2000%2Fsvg%27%20width%3D%27409%27%20height%3D%27459%27%20viewBox%3D%270%200%20409%20459%27%3E%3Crect%20width%3D%27409%27%20height%3D%27459%27%20fill-opacity%3D%220%22%2F%3E%3C%2Fsvg%3E\" data-srcset=\"https:\/\/guardastelescopicas.com\/wordpress\/wordpress\/wp-content\/uploads\/2017\/06\/Guardas-Telescopicas-1997-200x224.jpg 200w, https:\/\/guardastelescopicas.com\/wordpress\/wordpress\/wp-content\/uploads\/2017\/06\/Guardas-Telescopicas-1997-400x449.jpg 400w, https:\/\/guardastelescopicas.com\/wordpress\/wordpress\/wp-content\/uploads\/2017\/06\/Guardas-Telescopicas-1997.jpg 409w\" data-sizes=\"auto\" data-orig-sizes=\"(max-width: 800px) 100vw, 400px\" \/><\/span><\/div><div class=\"fusion-clearfix\"><\/div><\/div><\/div><div class=\"fusion-layout-column fusion_builder_column fusion-builder-column-2 fusion_builder_column_2_3 2_3 fusion-two-third fusion-column-last\" style=\"--awb-bg-size:cover;width:66.666666666667%;width:calc(66.666666666667% - ( ( 4% ) * 0.66666666666667 ) );\"><div class=\"fusion-column-wrapper fusion-flex-column-wrapper-legacy\"><div class=\"fusion-text fusion-text-1\"><p>La empresa nace con el nombre <strong>GUARDAS TELESC\u00d3PICAS RF<\/strong> en el a\u00f1o 1997 con el objetivo de brindar el servicio de reparaci\u00f3n y fabricaci\u00f3n de cubiertas telesc\u00f3picas para los centros de maquinado convencionales y CNC. El 1er taller se desarroll\u00f3 en la ciudad de Monterrey, Nuevo Le\u00f3n donde los clientes principales fueron de la regi\u00f3n Noreste de M\u00e9xico.<\/p>\n<p>Conocemos el mercado mexicano; sabemos las necesidades de las empresas del ramo manufacturero. Es por eso que nos centramos en brindar soluciones r\u00e1pidas y eficientes. Queremos formar parte de su equipo brind\u00e1ndoles el servicio necesario para que no tengan por qu\u00e9 preocuparse de esta pieza. Es una tarea que nosotros sabemos solucionar; podemos aumentar la disponibilidad de su equipo eliminando paros a causa de fallas en las guardas.<\/p>\n<p>Buscamos que no se preocupen por las guardas telesc\u00f3picas de sus m\u00e1quinas. Queremos formar parte de su equipo brind\u00e1ndoles el servicio necesario para que no tengan por qu\u00e9 preocuparse de esta pieza. Es una tarea que nosotros sabemos solucionar.<\/p>\n<p>Siempre teniendo como premisa la m\u00e1s alta calidad en manufactura; al ser una empresa 100% mexicana cotizamos en moneda nacional ofreciendo una ventaja competitiva respecto a los fabricantes extranjeros. No exponemos a nuestros clientes ante cualquier cambio en la paridad contra el Peso MXN, eliminamos costos log\u00edsticos y de transporte internacional que tienen que ser cubiertos al comprar piezas de origen extranjero.<\/p>\n<p>Actualmente brindamos servicio en toda la rep\u00fablica mexicana. <strong>En Enero 2017; abrimos una sucursal en la ciudad de Quer\u00e9taro;<\/strong> mejorando la atenci\u00f3n inmediata y personalizada en las regiones del Baj\u00edo y Noreste del pa\u00eds. Las ubicaciones de nuestras sucursales nos permiten brindar un servicio de atenci\u00f3n inmediata al igual que la producci\u00f3n de las guardas necesarias para sus equipos.<\/p>\n<\/div><div class=\"fusion-clearfix\"><\/div><\/div><\/div><\/div><\/div>\n","protected":false},"excerpt":{"rendered":"","protected":false},"author":1,"featured_media":0,"parent":0,"menu_order":0,"comment_status":"closed","ping_status":"closed","template":"","meta":{"_seopress_robots_primary_cat":"","_seopress_titles_title":"","_seopress_titles_desc":"","_seopress_robots_index":"","footnotes":""},"class_list":["post-12","page","type-page","status-publish","hentry"],"_links":{"self":[{"href":"https:\/\/guardastelescopicas.com\/wordpress\/wp-json\/wp\/v2\/pages\/12","targetHints":{"allow":["GET"]}}],"collection":[{"href":"https:\/\/guardastelescopicas.com\/wordpress\/wp-json\/wp\/v2\/pages"}],"about":[{"href":"https:\/\/guardastelescopicas.com\/wordpress\/wp-json\/wp\/v2\/types\/page"}],"author":[{"embeddable":true,"href":"https:\/\/guardastelescopicas.com\/wordpress\/wp-json\/wp\/v2\/users\/1"}],"replies":[{"embeddable":true,"href":"https:\/\/guardastelescopicas.com\/wordpress\/wp-json\/wp\/v2\/comments?post=12"}],"version-history":[{"count":0,"href":"https:\/\/guardastelescopicas.com\/wordpress\/wp-json\/wp\/v2\/pages\/12\/revisions"}],"wp:attachment":[{"href":"https:\/\/guardastelescopicas.com\/wordpress\/wp-json\/wp\/v2\/media?parent=12"}],"curies":[{"name":"wp","href":"https:\/\/api.w.org\/{rel}","templated":true}]}}