{"id":2,"date":"2017-03-09T18:28:28","date_gmt":"2017-03-09T18:28:28","guid":{"rendered":"http:\/\/guardastelescopicas.smartroom.mx\/wordpress\/?page_id=2"},"modified":"2025-01-09T17:31:55","modified_gmt":"2025-01-09T23:31:55","slug":"guardas-telescopicas","status":"publish","type":"page","link":"https:\/\/guardastelescopicas.com\/wordpress\/","title":{"rendered":"Inicio"},"content":{"rendered":"<div class=\"fusion-fullwidth fullwidth-box fusion-builder-row-1 nonhundred-percent-fullwidth non-hundred-percent-height-scrolling\" style=\"--awb-border-radius-top-left:0px;--awb-border-radius-top-right:0px;--awb-border-radius-bottom-right:0px;--awb-border-radius-bottom-left:0px;--awb-flex-wrap:wrap;\" ><div class=\"fusion-builder-row fusion-row\"><div class=\"fusion-layout-column fusion_builder_column fusion-builder-column-0 fusion_builder_column_1_1 1_1 fusion-one-full fusion-column-first fusion-column-last\" style=\"--awb-bg-size:cover;--awb-margin-bottom:0px;\"><div class=\"fusion-column-wrapper fusion-flex-column-wrapper-legacy\"><div class=\"fusion-text fusion-text-1\"><p><strong>Fabricamos Guardas Telesc\u00f3picas para la protecci\u00f3n de bancadas y husillos de los centros de maquinado convencionales y CNC<\/strong>. <a href=\"http:\/\/guardastelescopicas.com.mx\/historia\/\">Conocemos el mercado desde 1997<\/a>; sabemos las necesidades de las empresas del ramo manufacturero y la criticidad de su operaci\u00f3n. De acuerdo a estas necesidades es que nuestro objetivo es brindar un servicio que est\u00e9 por encima de las expectativas del cliente.<\/p>\n<p>Brindamos el <a href=\"http:\/\/guardastelescopicas.com.mx\/reparacion-fabricacion-diseno\/\">servicio de Reparaci\u00f3n, Fabricaci\u00f3n y Dise\u00f1o<\/a> seg\u00fan cuales sean sus necesidades. <a href=\"http:\/\/guardastelescopicas.com.mx\/contacto\/\">Cont\u00e1ctenos<\/a> desde cualquier parte de M\u00e9xico a alguno de nuestros centros de operaci\u00f3n en <a href=\"http:\/\/guardastelescopicas.com.mx\/contacto\/region-norte\/\">Monterrey<\/a> y <a href=\"http:\/\/guardastelescopicas.com.mx\/contacto\/region-centro-sur\/\">Quer\u00e9taro<\/a>.<\/p>\n<p>Podemos fabricar y reparar guardas para cualquier Centro de Maquinado. \u00bfTuvo alg\u00fan cambio en su proceso que involucre una mayor abrasi\u00f3n a la guarda, mayor recorrido, menor espacio para compresi\u00f3n o tienen da\u00f1os frecuentes en sus guardas? Cuente con nosotros para redise\u00f1arlas; encontraremos la manera de que estas cumplan con sus necesidades de maquinado.<\/p>\n<p>En M\u00e9xico podemos brindarle atenci\u00f3n personalizada, minimizamos los tiempos de entrega, mantenemos nuestros precios en moneda local, eliminamos los costos de flete internacional y tr\u00e1mites de importaci\u00f3n.<\/p>\n<\/div><div class=\"fusion-clearfix\"><\/div><\/div><\/div><\/div><\/div>\n","protected":false},"excerpt":{"rendered":"","protected":false},"author":1,"featured_media":0,"parent":0,"menu_order":0,"comment_status":"closed","ping_status":"closed","template":"","meta":{"_seopress_robots_primary_cat":"","_seopress_titles_title":"","_seopress_titles_desc":"","_seopress_robots_index":"","footnotes":""},"class_list":["post-2","page","type-page","status-publish","hentry"],"_links":{"self":[{"href":"https:\/\/guardastelescopicas.com\/wordpress\/wp-json\/wp\/v2\/pages\/2","targetHints":{"allow":["GET"]}}],"collection":[{"href":"https:\/\/guardastelescopicas.com\/wordpress\/wp-json\/wp\/v2\/pages"}],"about":[{"href":"https:\/\/guardastelescopicas.com\/wordpress\/wp-json\/wp\/v2\/types\/page"}],"author":[{"embeddable":true,"href":"https:\/\/guardastelescopicas.com\/wordpress\/wp-json\/wp\/v2\/users\/1"}],"replies":[{"embeddable":true,"href":"https:\/\/guardastelescopicas.com\/wordpress\/wp-json\/wp\/v2\/comments?post=2"}],"version-history":[{"count":1,"href":"https:\/\/guardastelescopicas.com\/wordpress\/wp-json\/wp\/v2\/pages\/2\/revisions"}],"predecessor-version":[{"id":744,"href":"https:\/\/guardastelescopicas.com\/wordpress\/wp-json\/wp\/v2\/pages\/2\/revisions\/744"}],"wp:attachment":[{"href":"https:\/\/guardastelescopicas.com\/wordpress\/wp-json\/wp\/v2\/media?parent=2"}],"curies":[{"name":"wp","href":"https:\/\/api.w.org\/{rel}","templated":true}]}}