{"id":8,"date":"2017-03-21T04:05:30","date_gmt":"2017-03-21T04:05:30","guid":{"rendered":"http:\/\/guardastelescopicas.smartroom.mx\/wordpress\/?page_id=8"},"modified":"2017-09-11T12:39:41","modified_gmt":"2017-09-11T17:39:41","slug":"reparacion-fabricacion-diseno","status":"publish","type":"page","link":"https:\/\/guardastelescopicas.com\/wordpress\/reparacion-fabricacion-diseno\/","title":{"rendered":"Reparaci\u00f3n \/ Fabricaci\u00f3n \/ Dise\u00f1o"},"content":{"rendered":"<div class=\"fusion-fullwidth fullwidth-box fusion-builder-row-1 nonhundred-percent-fullwidth non-hundred-percent-height-scrolling\" style=\"--awb-border-radius-top-left:0px;--awb-border-radius-top-right:0px;--awb-border-radius-bottom-right:0px;--awb-border-radius-bottom-left:0px;--awb-flex-wrap:wrap;\" ><div class=\"fusion-builder-row fusion-row\"><div class=\"fusion-layout-column fusion_builder_column fusion-builder-column-0 fusion_builder_column_1_1 1_1 fusion-one-full fusion-column-first fusion-column-last\" style=\"--awb-bg-size:cover;\"><div class=\"fusion-column-wrapper fusion-flex-column-wrapper-legacy\"><div class=\"fusion-title title fusion-title-1 fusion-sep-none fusion-title-text fusion-title-size-two\"><h2 class=\"fusion-title-heading title-heading-left\" style=\"margin:0;\">SERVICIOS<\/h2><\/div><div class=\"fusion-sep-clear\"><\/div><div class=\"fusion-separator fusion-full-width-sep\" style=\"margin-left: auto;margin-right: auto;margin-bottom:20px;width:100%;\"><div class=\"fusion-separator-border sep-single sep-solid\" style=\"--awb-height:20px;--awb-amount:20px;--awb-sep-color:#0073ae;border-color:#0073ae;border-top-width:1px;\"><\/div><\/div><div class=\"fusion-sep-clear\"><\/div><div class=\"fusion-tabs fusion-tabs-1 clean vertical-tabs icon-position-left mobile-mode-accordion\" style=\"--awb-title-border-radius-top-left:0px;--awb-title-border-radius-top-right:0px;--awb-title-border-radius-bottom-right:0px;--awb-title-border-radius-bottom-left:0px;--awb-inactive-color:#ebeaea;--awb-background-color:#ffffff;--awb-border-color:#ebeaea;--awb-active-border-color:#0073ae;\"><div class=\"nav\"><ul class=\"nav-tabs\" role=\"tablist\"><li class=\"active\" role=\"presentation\"><a class=\"tab-link\" data-toggle=\"tab\" role=\"tab\" aria-controls=\"tab-b4ca2b8c5c8c020514d\" aria-selected=\"true\" id=\"fusion-tab-serviciodereparaci\u00f3ndeguardas\" href=\"#tab-b4ca2b8c5c8c020514d\"><h4 class=\"fusion-tab-heading\">Servicio de Reparaci\u00f3n de Guardas<\/h4><\/a><\/li><li role=\"presentation\"><a class=\"tab-link\" data-toggle=\"tab\" role=\"tab\" aria-controls=\"tab-80ce0ba80b181135a79\" aria-selected=\"false\" tabindex=\"-1\" id=\"fusion-tab-serviciodefabricaci\u00f3ndeguardas\" href=\"#tab-80ce0ba80b181135a79\"><h4 class=\"fusion-tab-heading\">Servicio de Fabricaci\u00f3n de Guardas<\/h4><\/a><\/li><li role=\"presentation\"><a class=\"tab-link\" data-toggle=\"tab\" role=\"tab\" aria-controls=\"tab-bbc7de90a3c56955344\" aria-selected=\"false\" tabindex=\"-1\" id=\"fusion-tab-serviciodedise\u00f1odeguardas\" href=\"#tab-bbc7de90a3c56955344\"><h4 class=\"fusion-tab-heading\">Servicio de Dise\u00f1o de Guardas<\/h4><\/a><\/li><\/ul><\/div><div class=\"tab-content\"><div class=\"nav fusion-mobile-tab-nav\"><ul class=\"nav-tabs\" role=\"tablist\"><li class=\"active\" role=\"presentation\"><a class=\"tab-link\" data-toggle=\"tab\" role=\"tab\" aria-controls=\"tab-b4ca2b8c5c8c020514d\" aria-selected=\"true\" id=\"mobile-fusion-tab-serviciodereparaci\u00f3ndeguardas\" href=\"#tab-b4ca2b8c5c8c020514d\"><h4 class=\"fusion-tab-heading\">Servicio de Reparaci\u00f3n de Guardas<\/h4><\/a><\/li><\/ul><\/div><div class=\"tab-pane fade fusion-clearfix in active\" role=\"tabpanel\" tabindex=\"0\" aria-labelledby=\"fusion-tab-serviciodereparaci\u00f3ndeguardas\" id=\"tab-b4ca2b8c5c8c020514d\">\n<p>El servicio de reparaci\u00f3n consta de la revisi\u00f3n y evaluaci\u00f3n de sus Guardas Telesc\u00f3picas con el fin de cambiar todas las secciones que tienen alg\u00fan da\u00f1o o desgaste y que est\u00e9n pr\u00f3ximas a llegar a su vida \u00fatil. Disminuya el tiempo medio para reparar (MTTR) eliminando tiempos de espera por fletes internacionales o tr\u00e1mites log\u00edsticos. Mejore su costo de mantenimiento d\u00e1ndole m\u00e1s tiempo de vida \u00fatil a las guardas de su CNC.<\/p>\n<ul>\n<li>Cortinillas de Acero<\/li>\n<li>Wipers<\/li>\n<li>Fuelle<\/li>\n<li>Gu\u00edas<\/li>\n<li>Otros<\/li>\n<\/ul>\n<div class=\"fusion-sep-clear\"><\/div><div class=\"fusion-separator fusion-full-width-sep\" style=\"margin-left: auto;margin-right: auto;margin-top:20px;margin-bottom:30px;width:100%;\"><div class=\"fusion-separator-border sep-single sep-solid\" style=\"--awb-height:20px;--awb-amount:20px;--awb-sep-color:#0073ae;border-color:#0073ae;border-top-width:1px;\"><\/div><\/div><div class=\"fusion-sep-clear\"><\/div>\n<p><strong>EJEMPLO<\/strong><\/p>\n<div class=\"fusion-builder-row fusion-builder-row-inner fusion-row\"><div class=\"fusion-layout-column fusion_builder_column_inner fusion-builder-nested-column-0 fusion_builder_column_inner_1_2 1_2 fusion-one-half fusion-column-first\" style=\"--awb-bg-size:cover;width:50%;width:calc(50% - ( ( 4% ) * 0.5 ) );margin-right: 4%;\"><div class=\"fusion-column-wrapper fusion-flex-column-wrapper-legacy\"><div class=\"fusion-text fusion-text-1\"><p><img alt=\"\" decoding=\"async\" class=\"lazyload marco alignnone size-medium wp-image-208\" src=\"http:\/\/guardastelescopicas.com.mx\/wordpress\/wp-content\/uploads\/2017\/03\/guarda-descompuesta-e1499124466658-300x171.jpg\" data-orig-src=\"http:\/\/guardastelescopicas.com.mx\/wordpress\/wp-content\/uploads\/2017\/03\/guarda-descompuesta-e1499124466658-300x171.jpg\" alt=\"\" width=\"300\" height=\"171\" srcset=\"data:image\/svg+xml,%3Csvg%20xmlns%3D%27http%3A%2F%2Fwww.w3.org%2F2000%2Fsvg%27%20width%3D%27300%27%20height%3D%27171%27%20viewBox%3D%270%200%20300%20171%27%3E%3Crect%20width%3D%27300%27%20height%3D%27171%27%20fill-opacity%3D%220%22%2F%3E%3C%2Fsvg%3E\" data-srcset=\"https:\/\/guardastelescopicas.com\/wordpress\/wordpress\/wp-content\/uploads\/2017\/03\/guarda-descompuesta-e1499124466658-200x114.jpg 200w, https:\/\/guardastelescopicas.com\/wordpress\/wordpress\/wp-content\/uploads\/2017\/03\/guarda-descompuesta-e1499124466658-300x171.jpg 300w, https:\/\/guardastelescopicas.com\/wordpress\/wordpress\/wp-content\/uploads\/2017\/03\/guarda-descompuesta-e1499124466658-400x227.jpg 400w, https:\/\/guardastelescopicas.com\/wordpress\/wordpress\/wp-content\/uploads\/2017\/03\/guarda-descompuesta-e1499124466658-600x341.jpg 600w, https:\/\/guardastelescopicas.com\/wordpress\/wordpress\/wp-content\/uploads\/2017\/03\/guarda-descompuesta-e1499124466658-768x437.jpg 768w, https:\/\/guardastelescopicas.com\/wordpress\/wordpress\/wp-content\/uploads\/2017\/03\/guarda-descompuesta-e1499124466658.jpg 774w\" data-sizes=\"auto\" data-orig-sizes=\"(max-width: 300px) 100vw, 300px\" \/><\/p>\n<p>ANTES<br \/>\nDa\u00f1os en laminillas de acero, sistema de tijeras no funcional e incompleto, marco de guarda da\u00f1ado.<\/p>\n<\/div><div class=\"fusion-clearfix\"><\/div><\/div><\/div><div class=\"fusion-layout-column fusion_builder_column_inner fusion-builder-nested-column-1 fusion_builder_column_inner_1_2 1_2 fusion-one-half fusion-column-last\" style=\"--awb-bg-size:cover;width:50%;width:calc(50% - ( ( 4% ) * 0.5 ) );\"><div class=\"fusion-column-wrapper fusion-flex-column-wrapper-legacy\"><div class=\"fusion-text fusion-text-2\"><p><img alt=\"\" decoding=\"async\" class=\"lazyload marco alignnone size-medium wp-image-209\" src=\"http:\/\/guardastelescopicas.com.mx\/wordpress\/wp-content\/uploads\/2017\/03\/guarda-reparada-e1499124376570-300x171.jpg\" data-orig-src=\"http:\/\/guardastelescopicas.com.mx\/wordpress\/wp-content\/uploads\/2017\/03\/guarda-reparada-e1499124376570-300x171.jpg\" alt=\"\" width=\"300\" height=\"171\" srcset=\"data:image\/svg+xml,%3Csvg%20xmlns%3D%27http%3A%2F%2Fwww.w3.org%2F2000%2Fsvg%27%20width%3D%27300%27%20height%3D%27171%27%20viewBox%3D%270%200%20300%20171%27%3E%3Crect%20width%3D%27300%27%20height%3D%27171%27%20fill-opacity%3D%220%22%2F%3E%3C%2Fsvg%3E\" data-srcset=\"https:\/\/guardastelescopicas.com\/wordpress\/wordpress\/wp-content\/uploads\/2017\/03\/guarda-reparada-e1499124376570-200x114.jpg 200w, https:\/\/guardastelescopicas.com\/wordpress\/wordpress\/wp-content\/uploads\/2017\/03\/guarda-reparada-e1499124376570-300x171.jpg 300w, https:\/\/guardastelescopicas.com\/wordpress\/wordpress\/wp-content\/uploads\/2017\/03\/guarda-reparada-e1499124376570-400x227.jpg 400w, https:\/\/guardastelescopicas.com\/wordpress\/wordpress\/wp-content\/uploads\/2017\/03\/guarda-reparada-e1499124376570-600x341.jpg 600w, https:\/\/guardastelescopicas.com\/wordpress\/wordpress\/wp-content\/uploads\/2017\/03\/guarda-reparada-e1499124376570-768x437.jpg 768w, https:\/\/guardastelescopicas.com\/wordpress\/wordpress\/wp-content\/uploads\/2017\/03\/guarda-reparada-e1499124376570.jpg 774w\" data-sizes=\"auto\" data-orig-sizes=\"(max-width: 300px) 100vw, 300px\" \/><\/p>\n<p>DESPU\u00c9S<br \/>\nSustituci\u00f3n de laminillas da\u00f1adas y desgastadas, reemplazo de sistema de tijeras y marco de la guarda.<\/p>\n<\/div><div class=\"fusion-clearfix\"><\/div><\/div><\/div><\/div>\n<\/div><div class=\"nav fusion-mobile-tab-nav\"><ul class=\"nav-tabs\" role=\"tablist\"><li role=\"presentation\"><a class=\"tab-link\" data-toggle=\"tab\" role=\"tab\" aria-controls=\"tab-80ce0ba80b181135a79\" aria-selected=\"false\" tabindex=\"-1\" id=\"mobile-fusion-tab-serviciodefabricaci\u00f3ndeguardas\" href=\"#tab-80ce0ba80b181135a79\"><h4 class=\"fusion-tab-heading\">Servicio de Fabricaci\u00f3n de Guardas<\/h4><\/a><\/li><\/ul><\/div><div class=\"tab-pane fade fusion-clearfix\" role=\"tabpanel\" tabindex=\"0\" aria-labelledby=\"fusion-tab-serviciodefabricaci\u00f3ndeguardas\" id=\"tab-80ce0ba80b181135a79\">Este servicio aplica para los casos donde es m\u00e1s conveniente el ensamble de materiales nuevos para conformar la guarda; dando una mejor relaci\u00f3n costo\/beneficio vs una reparaci\u00f3n. Nuestra presencia en el Norte y Baj\u00edo de M\u00e9xico nos permite minimizar el tiempo de respuesta.<\/p>\n<div class=\"fusion-sep-clear\"><\/div><div class=\"fusion-separator fusion-full-width-sep\" style=\"margin-left: auto;margin-right: auto;margin-top:10px;margin-bottom:30px;width:100%;\"><div class=\"fusion-separator-border sep-single sep-solid\" style=\"--awb-height:20px;--awb-amount:20px;--awb-sep-color:#0073ae;border-color:#0073ae;border-top-width:1px;\"><\/div><\/div><div class=\"fusion-sep-clear\"><\/div>\n<p><strong>ESQUEMAS EN CAD<\/strong><\/p>\n\n\t\t<style type=\"text\/css\">\n\t\t\t#gallery-1 {\n\t\t\t\tmargin: auto;\n\t\t\t}\n\t\t\t#gallery-1 .gallery-item {\n\t\t\t\tfloat: left;\n\t\t\t\tmargin-top: 10px;\n\t\t\t\ttext-align: center;\n\t\t\t\twidth: 33%;\n\t\t\t}\n\t\t\t#gallery-1 img {\n\t\t\t\tborder: 2px solid #cfcfcf;\n\t\t\t}\n\t\t\t#gallery-1 .gallery-caption {\n\t\t\t\tmargin-left: 0;\n\t\t\t}\n\t\t\t\/* see gallery_shortcode() in wp-includes\/media.php *\/\n\t\t<\/style>\n\t\t<div id='gallery-1' class='gallery galleryid-8 gallery-columns-3 gallery-size-thumbnail'><dl class='gallery-item'>\n\t\t\t<dt class='gallery-icon landscape'>\n\t\t\t\t<a data-rel=\"iLightbox[postimages]\" data-title=\"Servicio-de-Fabricacion-1\" data-caption=\"\" href='https:\/\/guardastelescopicas.com\/wordpress\/wordpress\/wp-content\/uploads\/2017\/03\/Servicio-de-Fabricacion-1.jpg'><img decoding=\"async\" width=\"150\" height=\"150\" src=\"https:\/\/guardastelescopicas.com\/wordpress\/wordpress\/wp-content\/uploads\/2017\/03\/Servicio-de-Fabricacion-1-150x150.jpg\" class=\"attachment-thumbnail size-thumbnail lazyload\" alt=\"\" srcset=\"data:image\/svg+xml,%3Csvg%20xmlns%3D%27http%3A%2F%2Fwww.w3.org%2F2000%2Fsvg%27%20width%3D%27786%27%20height%3D%27606%27%20viewBox%3D%270%200%20786%20606%27%3E%3Crect%20width%3D%27786%27%20height%3D%27606%27%20fill-opacity%3D%220%22%2F%3E%3C%2Fsvg%3E\" data-orig-src=\"https:\/\/guardastelescopicas.com\/wordpress\/wordpress\/wp-content\/uploads\/2017\/03\/Servicio-de-Fabricacion-1-150x150.jpg\" data-srcset=\"https:\/\/guardastelescopicas.com\/wordpress\/wordpress\/wp-content\/uploads\/2017\/03\/Servicio-de-Fabricacion-1-66x66.jpg 66w, https:\/\/guardastelescopicas.com\/wordpress\/wordpress\/wp-content\/uploads\/2017\/03\/Servicio-de-Fabricacion-1-150x150.jpg 150w\" data-sizes=\"auto\" \/><\/a>\n\t\t\t<\/dt><\/dl><dl class='gallery-item'>\n\t\t\t<dt class='gallery-icon landscape'>\n\t\t\t\t<a data-rel=\"iLightbox[postimages]\" data-title=\"Servicio-de-Fabricacion-2\" data-caption=\"\" href='https:\/\/guardastelescopicas.com\/wordpress\/wordpress\/wp-content\/uploads\/2017\/03\/Servicio-de-Fabricacion-2.jpg'><img decoding=\"async\" width=\"150\" height=\"150\" src=\"https:\/\/guardastelescopicas.com\/wordpress\/wordpress\/wp-content\/uploads\/2017\/03\/Servicio-de-Fabricacion-2-150x150.jpg\" class=\"attachment-thumbnail size-thumbnail lazyload\" alt=\"\" srcset=\"data:image\/svg+xml,%3Csvg%20xmlns%3D%27http%3A%2F%2Fwww.w3.org%2F2000%2Fsvg%27%20width%3D%27786%27%20height%3D%27606%27%20viewBox%3D%270%200%20786%20606%27%3E%3Crect%20width%3D%27786%27%20height%3D%27606%27%20fill-opacity%3D%220%22%2F%3E%3C%2Fsvg%3E\" data-orig-src=\"https:\/\/guardastelescopicas.com\/wordpress\/wordpress\/wp-content\/uploads\/2017\/03\/Servicio-de-Fabricacion-2-150x150.jpg\" data-srcset=\"https:\/\/guardastelescopicas.com\/wordpress\/wordpress\/wp-content\/uploads\/2017\/03\/Servicio-de-Fabricacion-2-66x66.jpg 66w, https:\/\/guardastelescopicas.com\/wordpress\/wordpress\/wp-content\/uploads\/2017\/03\/Servicio-de-Fabricacion-2-150x150.jpg 150w\" data-sizes=\"auto\" \/><\/a>\n\t\t\t<\/dt><\/dl><dl class='gallery-item'>\n\t\t\t<dt class='gallery-icon landscape'>\n\t\t\t\t<a data-rel=\"iLightbox[postimages]\" data-title=\"Servicio-de-Fabricacion-3\" data-caption=\"\" href='https:\/\/guardastelescopicas.com\/wordpress\/wordpress\/wp-content\/uploads\/2017\/03\/Servicio-de-Fabricacion-3.jpg'><img decoding=\"async\" width=\"150\" height=\"150\" src=\"https:\/\/guardastelescopicas.com\/wordpress\/wordpress\/wp-content\/uploads\/2017\/03\/Servicio-de-Fabricacion-3-150x150.jpg\" class=\"attachment-thumbnail size-thumbnail lazyload\" alt=\"\" srcset=\"data:image\/svg+xml,%3Csvg%20xmlns%3D%27http%3A%2F%2Fwww.w3.org%2F2000%2Fsvg%27%20width%3D%27786%27%20height%3D%27606%27%20viewBox%3D%270%200%20786%20606%27%3E%3Crect%20width%3D%27786%27%20height%3D%27606%27%20fill-opacity%3D%220%22%2F%3E%3C%2Fsvg%3E\" data-orig-src=\"https:\/\/guardastelescopicas.com\/wordpress\/wordpress\/wp-content\/uploads\/2017\/03\/Servicio-de-Fabricacion-3-150x150.jpg\" data-srcset=\"https:\/\/guardastelescopicas.com\/wordpress\/wordpress\/wp-content\/uploads\/2017\/03\/Servicio-de-Fabricacion-3-66x66.jpg 66w, https:\/\/guardastelescopicas.com\/wordpress\/wordpress\/wp-content\/uploads\/2017\/03\/Servicio-de-Fabricacion-3-150x150.jpg 150w\" data-sizes=\"auto\" \/><\/a>\n\t\t\t<\/dt><\/dl><br style=\"clear: both\" \/><dl class='gallery-item'>\n\t\t\t<dt class='gallery-icon landscape'>\n\t\t\t\t<a data-rel=\"iLightbox[postimages]\" data-title=\"Servicio-de-Fabricacion-4\" data-caption=\"\" href='https:\/\/guardastelescopicas.com\/wordpress\/wordpress\/wp-content\/uploads\/2017\/03\/Servicio-de-Fabricacion-4.jpg'><img decoding=\"async\" width=\"150\" height=\"150\" src=\"https:\/\/guardastelescopicas.com\/wordpress\/wordpress\/wp-content\/uploads\/2017\/03\/Servicio-de-Fabricacion-4-150x150.jpg\" class=\"attachment-thumbnail size-thumbnail lazyload\" alt=\"\" srcset=\"data:image\/svg+xml,%3Csvg%20xmlns%3D%27http%3A%2F%2Fwww.w3.org%2F2000%2Fsvg%27%20width%3D%27786%27%20height%3D%27606%27%20viewBox%3D%270%200%20786%20606%27%3E%3Crect%20width%3D%27786%27%20height%3D%27606%27%20fill-opacity%3D%220%22%2F%3E%3C%2Fsvg%3E\" data-orig-src=\"https:\/\/guardastelescopicas.com\/wordpress\/wordpress\/wp-content\/uploads\/2017\/03\/Servicio-de-Fabricacion-4-150x150.jpg\" data-srcset=\"https:\/\/guardastelescopicas.com\/wordpress\/wordpress\/wp-content\/uploads\/2017\/03\/Servicio-de-Fabricacion-4-66x66.jpg 66w, https:\/\/guardastelescopicas.com\/wordpress\/wordpress\/wp-content\/uploads\/2017\/03\/Servicio-de-Fabricacion-4-150x150.jpg 150w\" data-sizes=\"auto\" \/><\/a>\n\t\t\t<\/dt><\/dl><dl class='gallery-item'>\n\t\t\t<dt class='gallery-icon landscape'>\n\t\t\t\t<a data-rel=\"iLightbox[postimages]\" data-title=\"Servicio-de-Fabricacion-5\" data-caption=\"\" href='https:\/\/guardastelescopicas.com\/wordpress\/wordpress\/wp-content\/uploads\/2017\/03\/Servicio-de-Fabricacion-5.jpg'><img decoding=\"async\" width=\"150\" height=\"150\" src=\"https:\/\/guardastelescopicas.com\/wordpress\/wordpress\/wp-content\/uploads\/2017\/03\/Servicio-de-Fabricacion-5-150x150.jpg\" class=\"attachment-thumbnail size-thumbnail lazyload\" alt=\"\" srcset=\"data:image\/svg+xml,%3Csvg%20xmlns%3D%27http%3A%2F%2Fwww.w3.org%2F2000%2Fsvg%27%20width%3D%27786%27%20height%3D%27606%27%20viewBox%3D%270%200%20786%20606%27%3E%3Crect%20width%3D%27786%27%20height%3D%27606%27%20fill-opacity%3D%220%22%2F%3E%3C%2Fsvg%3E\" data-orig-src=\"https:\/\/guardastelescopicas.com\/wordpress\/wordpress\/wp-content\/uploads\/2017\/03\/Servicio-de-Fabricacion-5-150x150.jpg\" data-srcset=\"https:\/\/guardastelescopicas.com\/wordpress\/wordpress\/wp-content\/uploads\/2017\/03\/Servicio-de-Fabricacion-5-66x66.jpg 66w, https:\/\/guardastelescopicas.com\/wordpress\/wordpress\/wp-content\/uploads\/2017\/03\/Servicio-de-Fabricacion-5-150x150.jpg 150w\" data-sizes=\"auto\" \/><\/a>\n\t\t\t<\/dt><\/dl><dl class='gallery-item'>\n\t\t\t<dt class='gallery-icon landscape'>\n\t\t\t\t<a data-rel=\"iLightbox[postimages]\" data-title=\"Servicio-de-Fabricacion-6\" data-caption=\"\" href='https:\/\/guardastelescopicas.com\/wordpress\/wordpress\/wp-content\/uploads\/2017\/03\/Servicio-de-Fabricacion-6.jpg'><img decoding=\"async\" width=\"150\" height=\"150\" src=\"https:\/\/guardastelescopicas.com\/wordpress\/wordpress\/wp-content\/uploads\/2017\/03\/Servicio-de-Fabricacion-6-150x150.jpg\" class=\"attachment-thumbnail size-thumbnail lazyload\" alt=\"\" srcset=\"data:image\/svg+xml,%3Csvg%20xmlns%3D%27http%3A%2F%2Fwww.w3.org%2F2000%2Fsvg%27%20width%3D%27786%27%20height%3D%27606%27%20viewBox%3D%270%200%20786%20606%27%3E%3Crect%20width%3D%27786%27%20height%3D%27606%27%20fill-opacity%3D%220%22%2F%3E%3C%2Fsvg%3E\" data-orig-src=\"https:\/\/guardastelescopicas.com\/wordpress\/wordpress\/wp-content\/uploads\/2017\/03\/Servicio-de-Fabricacion-6-150x150.jpg\" data-srcset=\"https:\/\/guardastelescopicas.com\/wordpress\/wordpress\/wp-content\/uploads\/2017\/03\/Servicio-de-Fabricacion-6-66x66.jpg 66w, https:\/\/guardastelescopicas.com\/wordpress\/wordpress\/wp-content\/uploads\/2017\/03\/Servicio-de-Fabricacion-6-150x150.jpg 150w\" data-sizes=\"auto\" \/><\/a>\n\t\t\t<\/dt><\/dl><br style=\"clear: both\" \/><dl class='gallery-item'>\n\t\t\t<dt class='gallery-icon landscape'>\n\t\t\t\t<a data-rel=\"iLightbox[postimages]\" data-title=\"Servicio-de-Fabricacion-7\" data-caption=\"\" href='https:\/\/guardastelescopicas.com\/wordpress\/wordpress\/wp-content\/uploads\/2017\/03\/Servicio-de-Fabricacion-7.jpg'><img decoding=\"async\" width=\"150\" height=\"150\" src=\"https:\/\/guardastelescopicas.com\/wordpress\/wordpress\/wp-content\/uploads\/2017\/03\/Servicio-de-Fabricacion-7-150x150.jpg\" class=\"attachment-thumbnail size-thumbnail lazyload\" alt=\"\" srcset=\"data:image\/svg+xml,%3Csvg%20xmlns%3D%27http%3A%2F%2Fwww.w3.org%2F2000%2Fsvg%27%20width%3D%27786%27%20height%3D%27606%27%20viewBox%3D%270%200%20786%20606%27%3E%3Crect%20width%3D%27786%27%20height%3D%27606%27%20fill-opacity%3D%220%22%2F%3E%3C%2Fsvg%3E\" data-orig-src=\"https:\/\/guardastelescopicas.com\/wordpress\/wordpress\/wp-content\/uploads\/2017\/03\/Servicio-de-Fabricacion-7-150x150.jpg\" data-srcset=\"https:\/\/guardastelescopicas.com\/wordpress\/wordpress\/wp-content\/uploads\/2017\/03\/Servicio-de-Fabricacion-7-66x66.jpg 66w, https:\/\/guardastelescopicas.com\/wordpress\/wordpress\/wp-content\/uploads\/2017\/03\/Servicio-de-Fabricacion-7-150x150.jpg 150w\" data-sizes=\"auto\" \/><\/a>\n\t\t\t<\/dt><\/dl><dl class='gallery-item'>\n\t\t\t<dt class='gallery-icon landscape'>\n\t\t\t\t<a data-rel=\"iLightbox[postimages]\" data-title=\"Servicio-de-Fabricacion-8\" data-caption=\"\" href='https:\/\/guardastelescopicas.com\/wordpress\/wordpress\/wp-content\/uploads\/2017\/03\/Servicio-de-Fabricacion-8.jpg'><img decoding=\"async\" width=\"150\" height=\"150\" src=\"https:\/\/guardastelescopicas.com\/wordpress\/wordpress\/wp-content\/uploads\/2017\/03\/Servicio-de-Fabricacion-8-150x150.jpg\" class=\"attachment-thumbnail size-thumbnail lazyload\" alt=\"\" srcset=\"data:image\/svg+xml,%3Csvg%20xmlns%3D%27http%3A%2F%2Fwww.w3.org%2F2000%2Fsvg%27%20width%3D%27786%27%20height%3D%27606%27%20viewBox%3D%270%200%20786%20606%27%3E%3Crect%20width%3D%27786%27%20height%3D%27606%27%20fill-opacity%3D%220%22%2F%3E%3C%2Fsvg%3E\" data-orig-src=\"https:\/\/guardastelescopicas.com\/wordpress\/wordpress\/wp-content\/uploads\/2017\/03\/Servicio-de-Fabricacion-8-150x150.jpg\" data-srcset=\"https:\/\/guardastelescopicas.com\/wordpress\/wordpress\/wp-content\/uploads\/2017\/03\/Servicio-de-Fabricacion-8-66x66.jpg 66w, https:\/\/guardastelescopicas.com\/wordpress\/wordpress\/wp-content\/uploads\/2017\/03\/Servicio-de-Fabricacion-8-150x150.jpg 150w\" data-sizes=\"auto\" \/><\/a>\n\t\t\t<\/dt><\/dl><dl class='gallery-item'>\n\t\t\t<dt class='gallery-icon landscape'>\n\t\t\t\t<a data-rel=\"iLightbox[postimages]\" data-title=\"Servicio-de-Fabricacion-9\" data-caption=\"\" href='https:\/\/guardastelescopicas.com\/wordpress\/wordpress\/wp-content\/uploads\/2017\/03\/Servicio-de-Fabricacion-9.jpg'><img decoding=\"async\" width=\"150\" height=\"150\" src=\"https:\/\/guardastelescopicas.com\/wordpress\/wordpress\/wp-content\/uploads\/2017\/03\/Servicio-de-Fabricacion-9-150x150.jpg\" class=\"attachment-thumbnail size-thumbnail lazyload\" alt=\"\" srcset=\"data:image\/svg+xml,%3Csvg%20xmlns%3D%27http%3A%2F%2Fwww.w3.org%2F2000%2Fsvg%27%20width%3D%27786%27%20height%3D%27606%27%20viewBox%3D%270%200%20786%20606%27%3E%3Crect%20width%3D%27786%27%20height%3D%27606%27%20fill-opacity%3D%220%22%2F%3E%3C%2Fsvg%3E\" data-orig-src=\"https:\/\/guardastelescopicas.com\/wordpress\/wordpress\/wp-content\/uploads\/2017\/03\/Servicio-de-Fabricacion-9-150x150.jpg\" data-srcset=\"https:\/\/guardastelescopicas.com\/wordpress\/wordpress\/wp-content\/uploads\/2017\/03\/Servicio-de-Fabricacion-9-66x66.jpg 66w, https:\/\/guardastelescopicas.com\/wordpress\/wordpress\/wp-content\/uploads\/2017\/03\/Servicio-de-Fabricacion-9-150x150.jpg 150w\" data-sizes=\"auto\" \/><\/a>\n\t\t\t<\/dt><\/dl><br style=\"clear: both\" \/>\n\t\t<\/div>\n<\/div><div class=\"nav fusion-mobile-tab-nav\"><ul class=\"nav-tabs\" role=\"tablist\"><li role=\"presentation\"><a class=\"tab-link\" data-toggle=\"tab\" role=\"tab\" aria-controls=\"tab-bbc7de90a3c56955344\" aria-selected=\"false\" tabindex=\"-1\" id=\"mobile-fusion-tab-serviciodedise\u00f1odeguardas\" href=\"#tab-bbc7de90a3c56955344\"><h4 class=\"fusion-tab-heading\">Servicio de Dise\u00f1o de Guardas<\/h4><\/a><\/li><\/ul><\/div><div class=\"tab-pane fade fusion-clearfix\" role=\"tabpanel\" tabindex=\"0\" aria-labelledby=\"fusion-tab-serviciodedise\u00f1odeguardas\" id=\"tab-bbc7de90a3c56955344\">Los servicios de redise\u00f1o de Guardas Telesc\u00f3picas generalmente se brindan cuando el Centro de Maquinado tuvo una reingenier\u00eda la cual incluyo cambios f\u00edsicos en las dimensiones de las bancadas o en la carrera de la mesa.<\/p>\n<p>Cuando la Guarda Telesc\u00f3pica puede ser mejorada en su dise\u00f1o aumentando la vida \u00fatil de la pieza o disminuyendo los tiempos entre paros de los Centros de Maquinado a causa de fallas de las guardas.<\/p>\n<p>Si su equipo CNC no cuenta con Gurda Telesc\u00f3pica, nosotros podemos dise\u00f1ar una espec\u00edficamente para su Centro de Maquinado.<\/div><\/div><\/div><div class=\"fusion-clearfix\"><\/div><\/div><\/div><\/div><\/div>\n","protected":false},"excerpt":{"rendered":"","protected":false},"author":1,"featured_media":0,"parent":0,"menu_order":0,"comment_status":"closed","ping_status":"closed","template":"","meta":{"_seopress_robots_primary_cat":"","_seopress_titles_title":"","_seopress_titles_desc":"","_seopress_robots_index":"","footnotes":""},"class_list":["post-8","page","type-page","status-publish","hentry"],"_links":{"self":[{"href":"https:\/\/guardastelescopicas.com\/wordpress\/wp-json\/wp\/v2\/pages\/8","targetHints":{"allow":["GET"]}}],"collection":[{"href":"https:\/\/guardastelescopicas.com\/wordpress\/wp-json\/wp\/v2\/pages"}],"about":[{"href":"https:\/\/guardastelescopicas.com\/wordpress\/wp-json\/wp\/v2\/types\/page"}],"author":[{"embeddable":true,"href":"https:\/\/guardastelescopicas.com\/wordpress\/wp-json\/wp\/v2\/users\/1"}],"replies":[{"embeddable":true,"href":"https:\/\/guardastelescopicas.com\/wordpress\/wp-json\/wp\/v2\/comments?post=8"}],"version-history":[{"count":0,"href":"https:\/\/guardastelescopicas.com\/wordpress\/wp-json\/wp\/v2\/pages\/8\/revisions"}],"wp:attachment":[{"href":"https:\/\/guardastelescopicas.com\/wordpress\/wp-json\/wp\/v2\/media?parent=8"}],"curies":[{"name":"wp","href":"https:\/\/api.w.org\/{rel}","templated":true}]}}